{"id":4771,"date":"2020-05-15T01:22:09","date_gmt":"2020-05-15T04:22:09","guid":{"rendered":"http:\/\/portal.eesc.usp.br\/comunicacao\/?page_id=4771"},"modified":"2020-05-15T01:22:09","modified_gmt":"2020-05-15T04:22:09","slug":"outgoing-pos-graduacao-dupla-titulacao","status":"publish","type":"page","link":"https:\/\/www.eesc.usp.br\/comunicacao\/index.php\/outgoing-pos-graduacao-dupla-titulacao\/","title":{"rendered":"Outgoing P\u00f3s-Gradua\u00e7\u00e3o &#8211; Dupla titula\u00e7\u00e3o"},"content":{"rendered":"<p>Essa modalidade de interc\u00e2mbio \u00e9 dirigida ao p\u00f3s-graduando em programa de doutorado, onde o aluno desenvolve parte de suas pesquisas em uma institui\u00e7\u00e3o estrangeira, conveniada com a EESC para este fim. Ao final do programa defende sua tese nas duas institui\u00e7\u00f5es e, sendo aprovado, recebendo tanto o titulo de doutor pela EESC quanto pela outra universidade envolvida.<\/p>\n<p><a href=\"http:\/\/www.prpg.usp.br\/pt-br\/internacionalizacao\/dupla-multipla-titulacao\">Clique aqui<\/a> para consultar toda a documenta\u00e7\u00e3o necess\u00e1ria .\u00a0<\/p>\n","protected":false},"excerpt":{"rendered":"<p>Essa modalidade de interc\u00e2mbio \u00e9 dirigida ao p\u00f3s-graduando em programa de doutorado, onde o aluno desenvolve parte de suas pesquisas [&hellip;]<\/p>\n","protected":false},"author":2,"featured_media":0,"parent":0,"menu_order":0,"comment_status":"closed","ping_status":"closed","template":"","meta":[],"wf_page_folders":[80],"_links":{"self":[{"href":"https:\/\/www.eesc.usp.br\/comunicacao\/index.php\/wp-json\/wp\/v2\/pages\/4771"}],"collection":[{"href":"https:\/\/www.eesc.usp.br\/comunicacao\/index.php\/wp-json\/wp\/v2\/pages"}],"about":[{"href":"https:\/\/www.eesc.usp.br\/comunicacao\/index.php\/wp-json\/wp\/v2\/types\/page"}],"author":[{"embeddable":true,"href":"https:\/\/www.eesc.usp.br\/comunicacao\/index.php\/wp-json\/wp\/v2\/users\/2"}],"replies":[{"embeddable":true,"href":"https:\/\/www.eesc.usp.br\/comunicacao\/index.php\/wp-json\/wp\/v2\/comments?post=4771"}],"version-history":[{"count":1,"href":"https:\/\/www.eesc.usp.br\/comunicacao\/index.php\/wp-json\/wp\/v2\/pages\/4771\/revisions"}],"predecessor-version":[{"id":4772,"href":"https:\/\/www.eesc.usp.br\/comunicacao\/index.php\/wp-json\/wp\/v2\/pages\/4771\/revisions\/4772"}],"wp:attachment":[{"href":"https:\/\/www.eesc.usp.br\/comunicacao\/index.php\/wp-json\/wp\/v2\/media?parent=4771"}],"wp:term":[{"taxonomy":"wf_page_folders","embeddable":true,"href":"https:\/\/www.eesc.usp.br\/comunicacao\/index.php\/wp-json\/wp\/v2\/wf_page_folders?post=4771"}],"curies":[{"name":"wp","href":"https:\/\/api.w.org\/{rel}","templated":true}]}}